{"id":95,"date":"2017-09-27T15:04:06","date_gmt":"2017-09-27T15:04:06","guid":{"rendered":"https:\/\/blua.pt\/?page_id=95"},"modified":"2024-10-18T14:11:05","modified_gmt":"2024-10-18T14:11:05","slug":"a-propos-de-blua","status":"publish","type":"page","link":"https:\/\/blua.pt\/?lang=fr","title":{"rendered":"\u00c0 propos de Blua"},"content":{"rendered":"<p>C&#8217;est dans les sources du plateau de Cezaredas, au centre du Portugal, que Blua est n\u00e9, la nouvelle marque d&#8217;eau portugaise qui r\u00e9pond \u00e0 une demande toujours croissante d&#8217;eaux min\u00e9rales naturelles de qualit\u00e9.<\/p>\n<p>Par le slogan \u00abBlua is The Water\u00bb, nous avons l&#8217;intention de mettre en \u00e9vidence le caract\u00e8re distinctif de l&#8217;eau Blua, dont les caract\u00e9ristiques le mettent comme r\u00e9f\u00e9rence sur le march\u00e9 &#8211; non seulement pour ses caract\u00e9ristiques intrins\u00e8ques mais aussi pour la mani\u00e8re m\u00e9ticuleuse et rigoureuse dans laquelle nous le faisons venir.<\/p>\n<h2>L\u2019ORIGINE<\/h2>\n<p>L&#8217;eau min\u00e9rale naturelle de Blua provient du plateau de Cezaredas, \u00e0 environ 70 kilom\u00e8tres de Lisbonne. C&#8217;est l\u00e0, entre les affleurements calcaires qui composent la r\u00e9gion et dans son cours naturel au point de collecte en ce qui concerne la surface, que notre eau gagne ses qualit\u00e9s inn\u00e9es qui le rendent extr\u00eamement conseill\u00e9 pour la consommation.<\/p>\n<p>Le moment de capture se fait en deux points &#8211; EAV 9 et EAV 11 &#8211; \u00e0 des profondeurs comprises entre 170 m et 250 m, recueillis \u00e0 des temp\u00e9ratures d&#8217;environ 25 degr\u00e9s.<\/p>\n<h2>LA COLLECTION<\/h2>\n<p>Si c&#8217;est la nature qui donne \u00e0 l&#8217;eau min\u00e9rale naturelle Blua ses caract\u00e9ristiques souhaitables et extr\u00eamement adapt\u00e9es \u00e0 la consommation, il appartient \u00e0 nous, dans l&#8217;ensemble de l&#8217;intervention humaine, de ne pas avoir d&#8217;impact sur sa qualit\u00e9. C&#8217;est \u00e0 cette fin que, tout au long du processus de collecte et d&#8217;embouteillage, nous encourageons un contr\u00f4le microbiologique strict, garantissant ainsi tous les standards de qualit\u00e9.<\/p>\n<h2>CARACT\u00c9RISTIQUES DE L\u2019EAU<\/h2>\n<p>L&#8217;eau min\u00e9rale naturelle portugaise est internationalement reconnue pour sa qualit\u00e9 sup\u00e9rieure \u00e0 la moyenne. Chez Blua, nous ne profitons pas seulement de ce cadeau. L&#8217;ensemble du processus par lequel notre eau passe lui ajoute de la valeur, en pr\u00e9servant les caract\u00e9ristiques les plus importantes de ce que nous obtenons pour vous joindre.<\/p>\n<p>Le r\u00e9sultat d&#8217;un contact unique avec des roches de caract\u00e9ristiques chimiques diff\u00e9renci\u00e9es, l&#8217;eau Blua a une min\u00e9ralisation d&#8217;environ 1 100 mg \/ litre, ce qui renforce sa qualit\u00e9 et la rend particuli\u00e8rement adapt\u00e9e \u00e0 la consommation.<\/p>\n<h2>COMPOSITION<\/h2>\n<p>La composition de l&#8217;eau min\u00e9rale naturelle Blua est l&#8217;un de ses plus-value intrins\u00e8que, ce qui lui conf\u00e8re les caract\u00e9ristiques inn\u00e9es qui sont conserv\u00e9es \u00e0 la fois dans les processus d&#8217;embouteillage et dans nos propres processus logistiques.<\/p>\n<p>Voici la composition des eaux de Blua:<\/p>\n<ul>\n<li>Bicarbonate (HCO3 -) 470 mg \/ l \u00b1 50<\/li>\n<li>Calcium (Ca2 +) 125 mg \/ l \u00b1 20<\/li>\n<li>Magn\u00e9sium (Mg 2+) 31 mg \/ l 6<\/li>\n<li>Potassium (K +) 4,5 \u00b1 1<\/li>\n<li>Sodium (Na +) 136 mg \/ l \u00b1 21<\/li>\n<li>Chlorure (Cl-) 198 mg \/ l \u00b1 20<\/li>\n<li>Fluorure (F-) 0,3 mg \/ l \u00b1 0,1<\/li>\n<li>Silice (SiO 2) 13,1 mg \/ l \u00b1 1,2<\/li>\n<\/ul>\n<p>pH 20 \u00b0 C 7,34 \u00b1 0,40<\/p>\n<p><em>Blua est une marque d\u00e9pos\u00e9e d&#8217;Aktiva.<\/em><\/p>\n","protected":false},"excerpt":{"rendered":"<p>C&#8217;est dans les sources du plateau de Cezaredas, au centre du Portugal, que Blua est n\u00e9, la nouvelle marque d&#8217;eau portugaise qui r\u00e9pond \u00e0 une demande toujours croissante d&#8217;eaux min\u00e9rales naturelles de qualit\u00e9. Par le slogan \u00abBlua is The Water\u00bb, nous avons l&#8217;intention de mettre en \u00e9vidence le caract\u00e8re distinctif de l&#8217;eau Blua, dont les [&hellip;]<\/p>\n","protected":false},"author":3,"featured_media":0,"parent":0,"menu_order":2,"comment_status":"closed","ping_status":"closed","template":"","meta":{"footnotes":""},"class_list":["post-95","page","type-page","status-publish","hentry"],"_links":{"self":[{"href":"https:\/\/blua.pt\/index.php?rest_route=\/wp\/v2\/pages\/95"}],"collection":[{"href":"https:\/\/blua.pt\/index.php?rest_route=\/wp\/v2\/pages"}],"about":[{"href":"https:\/\/blua.pt\/index.php?rest_route=\/wp\/v2\/types\/page"}],"author":[{"embeddable":true,"href":"https:\/\/blua.pt\/index.php?rest_route=\/wp\/v2\/users\/3"}],"replies":[{"embeddable":true,"href":"https:\/\/blua.pt\/index.php?rest_route=%2Fwp%2Fv2%2Fcomments&post=95"}],"version-history":[{"count":4,"href":"https:\/\/blua.pt\/index.php?rest_route=\/wp\/v2\/pages\/95\/revisions"}],"predecessor-version":[{"id":99,"href":"https:\/\/blua.pt\/index.php?rest_route=\/wp\/v2\/pages\/95\/revisions\/99"}],"wp:attachment":[{"href":"https:\/\/blua.pt\/index.php?rest_route=%2Fwp%2Fv2%2Fmedia&parent=95"}],"curies":[{"name":"wp","href":"https:\/\/api.w.org\/{rel}","templated":true}]}}