{"id":86,"date":"2017-09-27T14:55:25","date_gmt":"2017-09-27T14:55:25","guid":{"rendered":"https:\/\/blua.pt\/?page_id=86"},"modified":"2024-10-12T16:13:55","modified_gmt":"2024-10-12T16:13:55","slug":"blua-sante","status":"publish","type":"page","link":"https:\/\/blua.pt\/?page_id=86&lang=fr","title":{"rendered":"Blua Sant\u00e9"},"content":{"rendered":"<p>Raffin\u00e9e et aussi l\u00e9g\u00e8re que revigorante, l&#8217;eau de Blua personnifie ce que la nature la plus ancienne et la plus essentielle peut nous offrir. Parce que notre corps est compos\u00e9 de 70% d&#8217;eau, les avantages d&#8217;un apport r\u00e9gulier sont multiples, des enfants aux adultes. Fondamental pour tous les processus physiologiques et biochimiques du corps humain, l&#8217;eau min\u00e9rale contribue au bon fonctionnement du syst\u00e8me circulatoire, \u00e0 la correction de l&#8217;assimilation des nutriments et \u00e0 un syst\u00e8me nerveux sain. Ses sels min\u00e9raux combattent les cavit\u00e9s (fluorure), renforcent les muscles et les nerfs (sodium), emp\u00eachent l&#8217;hypertension (magn\u00e9sium), r\u00e9gulent le sucre dans le sang (chrome), revigorent le syst\u00e8me immunitaire (zinc) et sont indispensables pour l&#8217;absorption du fer. Comme le seul nectar qui purifie les cellules, renouvelle les organes et hydrate la peau, les experts recommandent de boire 8 verres par jour &#8211; n&#8217;attendez pas la soif, boivent Blua, car Blua est l&#8217;eau.<\/p>\n<p>Riche en min\u00e9raux (dont le calcium, le magn\u00e9sium et le bicarbonate ont de la pertinence), l&#8217;eau Blua a un pH neutre &#8211; un atout caract\u00e9ristique de sa composition, id\u00e9al pour l&#8217;adaptation \u00e0 l&#8217;organisme et propice \u00e0 son \u00e9quilibre. Equidistant, \u00e0 la fois l&#8217;acidit\u00e9 et l&#8217;alcalinit\u00e9, ce pH rend l&#8217;eau Blua un compl\u00e9ment essentiel \u00e0 la r\u00e9gulation de la concentration d&#8217;ion hydrog\u00e8ne dans le corps, synonyme de vitalit\u00e9 et de sant\u00e9 physique, mentale et \u00e9motionnelle.<\/p>\n<p>Ces caract\u00e9ristiques hom\u00e9ostatiques font de l&#8217;eau Blua un \u00e9lixir parfait pour tous les groupes d&#8217;\u00e2ge; parce qu&#8217;il est tr\u00e8s min\u00e9ralis\u00e9, il offre \u00e9galement des avantages sp\u00e9ciaux pour les femmes enceintes, les nouveau-n\u00e9s, les sportifs et les personnes \u00e2g\u00e9es &#8211; sa concentration en bicarbonate a des effets diur\u00e9tiques, digestifs et r\u00e9naux, son pH neutre augmente la capacit\u00e9 physique des athl\u00e8tes (en raison de la neutralisation de l&#8217;acide lactique pendant les activit\u00e9s de haut rendement) et la prolif\u00e9ration des min\u00e9raux devient id\u00e9ale pour le fonctionnement du corps du plus jeune mais aussi des plus anciens.<\/p>\n<h2>L\u2019EAU, UN BIEN ESSENTIEL<\/h2>\n<p><em>\u00abL&#8217;eau est la force motrice de toute la nature\u00bb<\/em><strong> &#8211; <\/strong>Leonardo da Vinci<\/p>\n<p><em>\u00abL&#8217;eau est la vie, et l&#8217;eau propre signifie sant\u00e9\u00bb<\/em><strong> &#8211; <\/strong>Audrey Hepburn<\/p>\n<p><em>\u00abDes milliers ont v\u00e9cu sans amour, pas un sans eau\u00bb &#8211; W. H. Auden<\/em><\/p>\n<p><em>\u00abS&#8217;il y a de la magie sur cette plan\u00e8te, elle est contenue dans l&#8217;eau\u00bb &#8211; Loren Eiseley<\/em><\/p>\n<p><em>\u00abNous oublions que le cycle de l&#8217;eau et le cycle de vie sont un seul\u00bb &#8211; Jacques-Yves Cousteau<\/em><\/p>\n<p><em>\u00abPas d&#8217;eau, pas de vie. Pas de bleu, pas de vert \u00bb- Sylvia Earle<\/em><\/p>\n<h2>BLUA POUR TOUS<\/h2>\n<p>Nouveau-n\u00e9s: pour nos b\u00e9b\u00e9s, nous voulons toujours le meilleur. Et l&#8217;eau Blua correspond parfaitement \u00e0 ces exigences. Avec ses particularit\u00e9s de pH neutre et de haute min\u00e9ralisation, votre b\u00e9b\u00e9 gagne rapidement des d\u00e9fenses pr\u00e9cieuses pour votre corps.<\/p>\n<p>\u00a0Personnes \u00e2g\u00e9es: pour ceux qui atteignent un \u00e2ge avanc\u00e9, nous devons renforcer les pr\u00e9cautions concernant ce que nous consommons. Dans le cas de l&#8217;eau, il convient d&#8217;accorder plus d&#8217;attention. Si l&#8217;eau potable est importante tout au long du cycle de vie, \u00e0 ces \u00e2ges gagne un tout nouveau relief, aidant \u00e0 garder votre corps en bonne sant\u00e9.<\/p>\n<p>Les sportifs: en raison de ses caract\u00e9ristiques particuli\u00e8res, l&#8217;eau Blua est particuli\u00e8rement b\u00e9n\u00e9fique pour les sportifs.<\/p>\n<p>Femmes enceintes:<\/p>\n","protected":false},"excerpt":{"rendered":"<p>Raffin\u00e9e et aussi l\u00e9g\u00e8re que revigorante, l&#8217;eau de Blua personnifie ce que la nature la plus ancienne et la plus essentielle peut nous offrir. Parce que notre corps est compos\u00e9 de 70% d&#8217;eau, les avantages d&#8217;un apport r\u00e9gulier sont multiples, des enfants aux adultes. Fondamental pour tous les processus physiologiques et biochimiques du corps humain, [&hellip;]<\/p>\n","protected":false},"author":3,"featured_media":0,"parent":0,"menu_order":3,"comment_status":"closed","ping_status":"closed","template":"","meta":{"footnotes":""},"class_list":["post-86","page","type-page","status-publish","hentry"],"_links":{"self":[{"href":"https:\/\/blua.pt\/index.php?rest_route=\/wp\/v2\/pages\/86"}],"collection":[{"href":"https:\/\/blua.pt\/index.php?rest_route=\/wp\/v2\/pages"}],"about":[{"href":"https:\/\/blua.pt\/index.php?rest_route=\/wp\/v2\/types\/page"}],"author":[{"embeddable":true,"href":"https:\/\/blua.pt\/index.php?rest_route=\/wp\/v2\/users\/3"}],"replies":[{"embeddable":true,"href":"https:\/\/blua.pt\/index.php?rest_route=%2Fwp%2Fv2%2Fcomments&post=86"}],"version-history":[{"count":2,"href":"https:\/\/blua.pt\/index.php?rest_route=\/wp\/v2\/pages\/86\/revisions"}],"predecessor-version":[{"id":88,"href":"https:\/\/blua.pt\/index.php?rest_route=\/wp\/v2\/pages\/86\/revisions\/88"}],"wp:attachment":[{"href":"https:\/\/blua.pt\/index.php?rest_route=%2Fwp%2Fv2%2Fmedia&parent=86"}],"curies":[{"name":"wp","href":"https:\/\/api.w.org\/{rel}","templated":true}]}}