{"id":11,"date":"2017-07-06T11:25:46","date_gmt":"2017-07-06T11:25:46","guid":{"rendered":"http:\/\/blua.pt\/?page_id=11"},"modified":"2025-01-21T11:35:47","modified_gmt":"2025-01-21T11:35:47","slug":"produtos","status":"publish","type":"page","link":"https:\/\/blua.pt\/?page_id=11&lang=pt","title":{"rendered":"Gama Blua"},"content":{"rendered":"<p style=\"vertical-align: baseline; margin: 0cm 0cm 15.0pt 0cm;\"><span lang=\"EN-US\" style=\"font-size: 9.0pt; font-family: 'Helvetica',sans-serif; color: #333333;\">A marca Blua j\u00e1 est\u00e1 dispon\u00edvel no mercado atrav\u00e9s de tr\u00eas tipologias de engarrafamento: unidades de 1,5L, de 0,5L e de 0,33L.<\/span><\/p>\n","protected":false},"excerpt":{"rendered":"<p>A marca Blua j\u00e1 est\u00e1 dispon\u00edvel no mercado atrav\u00e9s de tr\u00eas tipologias de engarrafamento: unidades de 1,5L, de 0,5L e de 0,33L.<\/p>\n","protected":false},"author":1,"featured_media":0,"parent":0,"menu_order":4,"comment_status":"closed","ping_status":"closed","template":"","meta":{"footnotes":""},"class_list":["post-11","page","type-page","status-publish","hentry"],"_links":{"self":[{"href":"https:\/\/blua.pt\/index.php?rest_route=\/wp\/v2\/pages\/11"}],"collection":[{"href":"https:\/\/blua.pt\/index.php?rest_route=\/wp\/v2\/pages"}],"about":[{"href":"https:\/\/blua.pt\/index.php?rest_route=\/wp\/v2\/types\/page"}],"author":[{"embeddable":true,"href":"https:\/\/blua.pt\/index.php?rest_route=\/wp\/v2\/users\/1"}],"replies":[{"embeddable":true,"href":"https:\/\/blua.pt\/index.php?rest_route=%2Fwp%2Fv2%2Fcomments&post=11"}],"version-history":[{"count":5,"href":"https:\/\/blua.pt\/index.php?rest_route=\/wp\/v2\/pages\/11\/revisions"}],"predecessor-version":[{"id":68,"href":"https:\/\/blua.pt\/index.php?rest_route=\/wp\/v2\/pages\/11\/revisions\/68"}],"wp:attachment":[{"href":"https:\/\/blua.pt\/index.php?rest_route=%2Fwp%2Fv2%2Fmedia&parent=11"}],"curies":[{"name":"wp","href":"https:\/\/api.w.org\/{rel}","templated":true}]}}